{"id":133,"date":"2024-09-11T18:07:18","date_gmt":"2024-09-11T18:07:18","guid":{"rendered":"https:\/\/p7.miexpertodigital1.eu\/?page_id=133"},"modified":"2025-11-06T09:39:51","modified_gmt":"2025-11-06T09:39:51","slug":"aviso-legal","status":"publish","type":"page","link":"https:\/\/paumatas.tusubdominioweb.com\/ca\/aviso-legal\/","title":{"rendered":"Av\u00eds Legal"},"content":{"rendered":"<div data-elementor-type=\"wp-page\" data-elementor-id=\"133\" class=\"elementor elementor-133\" data-elementor-post-type=\"page\">\n\t\t\t\t<div class=\"elementor-element elementor-element-a5bd677 e-flex e-con-boxed e-con e-parent\" data-id=\"a5bd677\" data-element_type=\"container\" data-e-type=\"container\" data-settings=\"{&quot;background_background&quot;:&quot;classic&quot;}\">\n\t\t\t\t\t<div class=\"e-con-inner\">\n\t\t<div class=\"elementor-element elementor-element-1047b35 e-con-full e-flex e-con e-child\" data-id=\"1047b35\" data-element_type=\"container\" data-e-type=\"container\">\n\t\t<div class=\"elementor-element elementor-element-0559752 e-con-full e-flex e-con e-child\" data-id=\"0559752\" data-element_type=\"container\" data-e-type=\"container\">\n\t\t\t\t<div class=\"elementor-element elementor-element-2bbe722 elementor-icon-list--layout-inline elementor-widget__width-auto elementor-align-end elementor-mobile-align-center elementor-list-item-link-full_width elementor-widget elementor-widget-icon-list\" data-id=\"2bbe722\" data-element_type=\"widget\" data-e-type=\"widget\" data-widget_type=\"icon-list.default\">\n\t\t\t\t<div class=\"elementor-widget-container\">\n\t\t\t\t\t\t\t<ul class=\"elementor-icon-list-items elementor-inline-items\">\n\t\t\t\t\t\t\t<li class=\"elementor-icon-list-item elementor-inline-item\">\n\t\t\t\t\t\t\t\t\t\t\t<a href=\"#\">\n\n\t\t\t\t\t\t\t\t\t\t\t<span class=\"elementor-icon-list-text\">Inici   <\/span>\n\t\t\t\t\t\t\t\t\t\t\t<\/a>\n\t\t\t\t\t\t\t\t\t<\/li>\n\t\t\t\t\t\t\t\t<li class=\"elementor-icon-list-item elementor-inline-item\">\n\t\t\t\t\t\t\t\t\t\t\t<a href=\"#\">\n\n\t\t\t\t\t\t\t\t\t\t\t\t<span class=\"elementor-icon-list-icon\">\n\t\t\t\t\t\t\t<svg aria-hidden=\"true\" class=\"e-font-icon-svg e-fas-minus\" viewbox=\"0 0 448 512\" xmlns=\"http:\/\/www.w3.org\/2000\/svg\"><path d=\"M416 208H32c-17.67 0-32 14.33-32 32v32c0 17.67 14.33 32 32 32h384c17.67 0 32-14.33 32-32v-32c0-17.67-14.33-32-32-32z\"><\/path><\/svg>\t\t\t\t\t\t<\/span>\n\t\t\t\t\t\t\t\t\t\t<span class=\"elementor-icon-list-text\"><\/span>\n\t\t\t\t\t\t\t\t\t\t\t<\/a>\n\t\t\t\t\t\t\t\t\t<\/li>\n\t\t\t\t\t\t<\/ul>\n\t\t\t\t\t\t<\/div>\n\t\t\t\t<\/div>\n\t\t\t\t<\/div>\n\t\t\t\t<\/div>\n\t\t\t\t\t<\/div>\n\t\t\t\t<\/div>\n\t\t<div class=\"elementor-element elementor-element-3a53d5f e-flex e-con-boxed e-con e-parent\" data-id=\"3a53d5f\" data-element_type=\"container\" data-e-type=\"container\">\n\t\t\t\t\t<div class=\"e-con-inner\">\n\t\t<div class=\"elementor-element elementor-element-aab401a e-con-full e-flex e-con e-child\" data-id=\"aab401a\" data-element_type=\"container\" data-e-type=\"container\">\n\t\t\t\t<div class=\"elementor-element elementor-element-bae4bfd elementor-widget elementor-widget-text-editor\" data-id=\"bae4bfd\" data-element_type=\"widget\" data-e-type=\"widget\" data-widget_type=\"text-editor.default\">\n\t\t\t\t<div class=\"elementor-widget-container\">\n\t\t\t\t\t\t\t\t\t<p>Esta web es un espacio seguro.\u00a0<a href=\"http:\/\/tusitioweb.com\/\">tusitioweb.com<\/a>\u00a0respeta la privacidad de sus usuarios y ha adecuado este portal a la Ley 34\/2002, de 11 de julio, de Servicios de la Sociedad de la informaci\u00f3n y de Comercio Electr\u00f3nico.(LSSI)<\/p><p>Por este motivo le informamos de lo siguiente:<\/p><ul style=\"margin-left: 50px;\"><li>Denominaci\u00f3n social:Pau Matas Nogue<\/li><li>Direcci\u00f3n: Barcelona, Espa\u00f1a.<\/li><li>CIF\/ NIF: 46417903Q<\/li><li>Tel\u00e9fono: +34695679277<\/li><li>Email: <a href=\"mailto:pmn1805@gmail.com\">pmn1805@gmail.com<\/a><\/li><li>Actividad: Falta agregar<\/li><li>Finalidad de la p\u00e1gina web: Promoci\u00f3n de (Falta agregar)<\/li><\/ul><p>Esta web cumple con el RGPD (Reglamento UE 2016\/679 de protecci\u00f3n de datos) y con la LSSI-CE (Ley 34\/2002, de 11 de julio, de Servicios de la Sociedad de la Informaci\u00f3n y de Comercio Electr\u00f3nico).<\/p><h4><strong>Condiciones generales del portal tusitioweb.com<\/strong><\/h4><p>Las presentes Condiciones Generales regulan el uso (incluyendo el mero acceso) de las p\u00e1ginas web integrantes del sitio web paumatas.tusubdominioweb.com incluidos los contenidos y servicios puestos a disposici\u00f3n en ellas.<\/p><p>Toda persona que acceda al portal paumatas.tusubdominioweb.com (\u201cUsuario\u201d) acepta someterse a las Condiciones Generales vigentes en cada momento en que acceda al portal.<\/p><p>En todo caso, paumatas.tusubdominioweb.com se reserva el derecho de modificar, en cualquier momento y sin necesidad de previo aviso, la presentaci\u00f3n y configuraci\u00f3n del portal as\u00ed como las presentes Condiciones Generales o las correspondientes Condiciones Particulares.<\/p><h4><strong>Uso del portal paumatas.tusubdominioweb.com<\/strong><\/h4><p>Usted acepta que:<\/p><ol><li>Solamente podr\u00e1 hacer Usted uso del sitio web para realizar consultas o solicitudes legalmente v\u00e1lidas.<\/li><li>No podr\u00e1 realizar ninguna solicitud especulativa, falsa o fraudulenta. Si tenemos motivos razonables para considerar que se ha hecho una solicitud de esta \u00edndole estaremos autorizados a anularlo e informar a las autoridades pertinentes.<\/li><li>Tambi\u00e9n se obliga Usted a facilitarnos de manera cierta y correcta su direcci\u00f3n de correo electr\u00f3nico, direcci\u00f3n postal y\/u otros datos de contacto y consiente que podremos hacer uso de esta informaci\u00f3n para ponernos en contacto con Usted si es necesario (ver nuestra Declaraci\u00f3n de Privacidad).<\/li><li>Si no nos facilita Usted toda la informaci\u00f3n que necesitamos, no podremos cursar su solicitud.<\/li><li>El presente aviso legal (en adelante, el \u201cAviso Legal\u201d) regula el uso del sitio web: tusitioweb.com<\/li><\/ol><h4><strong>Protecci\u00f3n de datos de tusitioweb.com<\/strong><\/h4><p>tusitioweb.com se compromete en la utilizaci\u00f3n de los datos incluidos en el fichero, a respetar su confidencialidad y a utilizarlos de acuerdo con la finalidad del mismo, as\u00ed como a dar cumplimiento a su obligaci\u00f3n de guardarlos y adaptar todas las medidas para evitar la alteraci\u00f3n, p\u00e9rdida, tratamiento o acceso no autorizado, de conformidad con lo establecido en el Real Decreto 1720\/2007 de 21 de diciembre por el que se aprueba el Reglamento de desarrollo de la Ley Org\u00e1nica 15\/1999 de 13 de diciembre, de Protecci\u00f3n de Datos de Car\u00e1cter Personal.<\/p><p>tusitioweb.com jam\u00e1s compartir\u00e1 datos de los usuarios de la web con terceros a menos que los usuarios hayan sido informados previamente y contemos con su autorizaci\u00f3n expresa.<\/p><p>De igual forma, el Usuario tiene acceso en todo momento a su perfil privado pudiendo modificar, editar o eliminar la informaci\u00f3n proporcionada, as\u00ed como gestionar su baja directamente, o mediante solicitud dirigida a <a href=\"mailto:pmn1805@gmail.com\">pmn1805@gmail.com<\/a>.<\/p><h4><strong>Datos personales que recoge y gestiona el portal tusitioweb.com<\/strong><\/h4><p>Su informaci\u00f3n est\u00e1 protegida de acuerdo a nuestra pol\u00edtica de privacidad y t\u00e9rminos de servicio.<\/p><p>Usted comprende y acepta que:<\/p><p>Desde el momento en que nos facilita sus datos a trav\u00e9s del formulario de contacto, tusitioweb.com tiene acceso a: su nombre y correo electr\u00f3nico.<\/p><p>El usuario tiene seg\u00fan el art\u00edculo 5 d) de la Ley Org\u00e1nica de Protecci\u00f3n de Datos de Car\u00e1cter Personal derecho de acceso, rectificaci\u00f3n, cancelaci\u00f3n y oposici\u00f3n. Podr\u00e1 ejercer estos derechos enviando un correo electr\u00f3nico a tusitioweb.com \u00a0desde la misma direcci\u00f3n que us\u00f3 para el alta.<\/p><p>En cada recepci\u00f3n de un correo electr\u00f3nico el usuario tendr\u00e1 la posibilidad de ejercer sus derechos de cancelaci\u00f3n y rectificaci\u00f3n pinchando los enlaces que encontrar\u00e1 al final del correo.<\/p><h4><strong>Uso y acceso de usuarios<\/strong><\/h4><p>El Usuario queda informado, y acepta, que el acceso a la presente web no supone, en modo alguno, el inicio de una relaci\u00f3n comercial con tusitioweb.com<\/p><p>De esta forma, el usuario se compromete a utilizar el sitio Web, sus servicios y contenidos sin contravenir la legislaci\u00f3n vigente, la buena fe y el orden p\u00fablico. Queda prohibido el uso de la web con fines il\u00edcitos o lesivos, o que, de cualquier forma, puedan causar perjuicio o impedir el normal funcionamiento del sitio web. Respecto de los contenidos de este sitio, se proh\u00edbe:<\/p><ul style=\"margin-left: 50px;\"><li>Su reproducci\u00f3n, distribuci\u00f3n o modificaci\u00f3n, total o parcial, a menos que se cuente con la autorizaci\u00f3n de sus leg\u00edtimos titulares;<\/li><li>Cualquier vulneraci\u00f3n de los derechos del prestador o de los leg\u00edtimos titulares;<\/li><li>Su utilizaci\u00f3n para fines comerciales o publicitarios.<\/li><\/ul><h4><strong>Derechos de propiedad intelectual e industrial<\/strong><\/h4><p>Mediante estas Condiciones Generales no se cede ning\u00fan derecho de propiedad intelectual o industrial sobre el portal paumatas.tusubdominioweb.com ni sobre ninguno de sus elementos integrantes, quedando expresamente prohibidos al Usuario la reproducci\u00f3n, transformaci\u00f3n, distribuci\u00f3n, comunicaci\u00f3n p\u00fablica, puesta a disposici\u00f3n del p\u00fablico, extracci\u00f3n, reutilizaci\u00f3n, reenv\u00edo o la utilizaci\u00f3n de cualquier naturaleza, por cualquier medio o procedimiento, de cualquiera de ellos, salvo en los casos en que est\u00e9 legalmente permitido o sea autorizado por el titular de los correspondientes derechos.<\/p><p>El usuario conoce y acepta que la totalidad del sitio web, conteniendo sin car\u00e1cter exhaustivo el texto, software, contenidos (incluyendo estructura, selecci\u00f3n, ordenaci\u00f3n y presentaci\u00f3n de los mismos) fotograf\u00edas, material audiovisual y gr\u00e1ficos, est\u00e1 protegida por marcas, derechos de autor y otros derechos leg\u00edtimos registrados, de acuerdo con los tratados internacionales en los que Espa\u00f1a es parte y otros derechos de propiedad y leyes de Espa\u00f1a.<\/p><h4><strong>Enlaces<\/strong><\/h4><p>Las p\u00e1ginas del portal tusitioweb.com proporcionan enlaces a otros sitios web propios y contenidos que son propiedad de terceros como redes sociales para compartir contenidos. El \u00fanico objeto de los enlaces es proporcionar al Usuario la posibilidad de acceder a dichos enlaces, aunque tusitioweb.com no ofrece ni comercializa por s\u00ed ni por medio de terceros la informaci\u00f3n, contenidos y servicios disponibles en los sitios enlazados, ni aprueba, supervisa o controla en modo alguno los contenidos y servicios y cualquier material de cualquier naturaleza existente en los mismos.<\/p><p>tusitioweb.com no se responsabiliza en ning\u00fan caso de los resultados que puedan derivarse al Usuario por acceso a dichos enlaces.<\/p><p>El Usuario que se proponga establecer cualquier dispositivo t\u00e9cnico de enlace desde su sitio web al portal deber\u00e1 obtener la autorizaci\u00f3n previa y escrita de tusitioweb.com El establecimiento del enlace no implica en ning\u00fan caso la existencia de relaciones entre tusitioweb.com y el propietario del sitio en el que se establezca el enlace, ni la aceptaci\u00f3n o aprobaci\u00f3n por parte de tusitioweb.com de sus contenidos o servicios.<\/p><h4><strong>Exclusi\u00f3n de garant\u00edas y responsabilidad<\/strong><\/h4><p>tusitioweb.com no otorga ninguna garant\u00eda ni se hace responsable, en ning\u00fan caso, de los da\u00f1os y perjuicios de cualquier naturaleza que pudieran traer causa de:<\/p><ul style=\"margin-left: 50px;\"><li>la falta de disponibilidad, mantenimiento y efectivo funcionamiento de la web o de sus servicios y contenidos;<\/li><li>la existencia de virus, programas maliciosos o lesivos en los contenidos;<\/li><li>El uso il\u00edcito, negligente, fraudulento o contrario a este Aviso Legal;<\/li><li>La falta de licitud, calidad, fiabilidad, utilidad y disponibilidad de los servicios prestados por terceros y puestos a disposici\u00f3n de los usuarios en el sitio web.<\/li><\/ul><p>El prestador no se hace responsable bajo ning\u00fan concepto de los da\u00f1os que pudieran dimanar del uso ilegal o indebido de la presente p\u00e1gina web.<\/p><h4><strong>Legislaci\u00f3n<\/strong><\/h4><p>Con car\u00e1cter general las relaciones entre tusitioweb.com con los Usuarios de sus servicios telem\u00e1ticos, presentes en este sitio web, se encuentran sometidas a la legislaci\u00f3n y jurisdicci\u00f3n espa\u00f1olas.<\/p><h4><strong>Direcciones de contacto<\/strong><\/h4><p>En caso de que cualquier Usuario tuviese alguna duda acerca de estas Condiciones Generales o cualquier comentario sobre el \u00a0portal paumatas.tusubdominioweb.com, por favor dir\u00edjase a <a href=\"mailto:pmn1805@gmail.com\">pmn1805@gmail.com<\/a><\/p>\t\t\t\t\t\t\t\t<\/div>\n\t\t\t\t<\/div>\n\t\t\t\t<\/div>\n\t\t\t\t\t<\/div>\n\t\t\t\t<\/div>\n\t\t\t\t<\/div>","protected":false},"excerpt":{"rendered":"<p>Home Esta web es un espacio seguro.\u00a0tusitioweb.com\u00a0respeta la privacidad de sus usuarios y ha adecuado este portal a la Ley 34\/2002, de 11 de julio, de Servicios de la Sociedad de la informaci\u00f3n y de Comercio Electr\u00f3nico.(LSSI) Por este motivo le informamos de lo siguiente: Denominaci\u00f3n social:Pau Matas Nogue Direcci\u00f3n: Barcelona, Espa\u00f1a. CIF\/ NIF: 46417903Q [&hellip;]<\/p>","protected":false},"author":2,"featured_media":0,"parent":0,"menu_order":0,"comment_status":"closed","ping_status":"closed","template":"","meta":{"footnotes":""},"class_list":["post-133","page","type-page","status-publish","hentry"],"yoast_head":"<!-- This site is optimized with the Yoast SEO plugin v26.9 - https:\/\/yoast.com\/product\/yoast-seo-wordpress\/ -->\n<title>Aviso Legal - Paumatas<\/title>\n<meta name=\"robots\" content=\"index, follow, max-snippet:-1, max-image-preview:large, max-video-preview:-1\" \/>\n<link rel=\"canonical\" href=\"https:\/\/paumatas.tusubdominioweb.com\/ca\/aviso-legal\/\" \/>\n<meta property=\"og:locale\" content=\"ca_ES\" \/>\n<meta property=\"og:type\" content=\"article\" \/>\n<meta property=\"og:title\" content=\"Aviso Legal - Paumatas\" \/>\n<meta property=\"og:description\" content=\"Home Esta web es un espacio seguro.\u00a0tusitioweb.com\u00a0respeta la privacidad de sus usuarios y ha adecuado este portal a la Ley 34\/2002, de 11 de julio, de Servicios de la Sociedad de la informaci\u00f3n y de Comercio Electr\u00f3nico.(LSSI) Por este motivo le informamos de lo siguiente: Denominaci\u00f3n social:Pau Matas Nogue Direcci\u00f3n: Barcelona, Espa\u00f1a. CIF\/ NIF: 46417903Q [&hellip;]\" \/>\n<meta property=\"og:url\" content=\"https:\/\/paumatas.tusubdominioweb.com\/ca\/aviso-legal\/\" \/>\n<meta property=\"og:site_name\" content=\"Paumatas\" \/>\n<meta property=\"article:modified_time\" content=\"2025-11-06T09:39:51+00:00\" \/>\n<meta name=\"twitter:card\" content=\"summary_large_image\" \/>\n<meta name=\"twitter:label1\" content=\"Temps estimat de lectura\" \/>\n\t<meta name=\"twitter:data1\" content=\"6 minuts\" \/>\n<script type=\"application\/ld+json\" class=\"yoast-schema-graph\">{\"@context\":\"https:\/\/schema.org\",\"@graph\":[{\"@type\":\"WebPage\",\"@id\":\"https:\/\/paumatas.tusubdominioweb.com\/aviso-legal\/\",\"url\":\"https:\/\/paumatas.tusubdominioweb.com\/aviso-legal\/\",\"name\":\"Aviso Legal - Paumatas\",\"isPartOf\":{\"@id\":\"https:\/\/paumatas.tusubdominioweb.com\/#website\"},\"datePublished\":\"2024-09-11T18:07:18+00:00\",\"dateModified\":\"2025-11-06T09:39:51+00:00\",\"breadcrumb\":{\"@id\":\"https:\/\/paumatas.tusubdominioweb.com\/aviso-legal\/#breadcrumb\"},\"inLanguage\":\"ca\",\"potentialAction\":[{\"@type\":\"ReadAction\",\"target\":[\"https:\/\/paumatas.tusubdominioweb.com\/aviso-legal\/\"]}]},{\"@type\":\"BreadcrumbList\",\"@id\":\"https:\/\/paumatas.tusubdominioweb.com\/aviso-legal\/#breadcrumb\",\"itemListElement\":[{\"@type\":\"ListItem\",\"position\":1,\"name\":\"Portada\",\"item\":\"https:\/\/paumatas.tusubdominioweb.com\/\"},{\"@type\":\"ListItem\",\"position\":2,\"name\":\"Aviso Legal\"}]},{\"@type\":\"WebSite\",\"@id\":\"https:\/\/paumatas.tusubdominioweb.com\/#website\",\"url\":\"https:\/\/paumatas.tusubdominioweb.com\/\",\"name\":\"Paumatas\",\"description\":\"Transformamos ideas en experiencias memorables.\",\"potentialAction\":[{\"@type\":\"SearchAction\",\"target\":{\"@type\":\"EntryPoint\",\"urlTemplate\":\"https:\/\/paumatas.tusubdominioweb.com\/?s={search_term_string}\"},\"query-input\":{\"@type\":\"PropertyValueSpecification\",\"valueRequired\":true,\"valueName\":\"search_term_string\"}}],\"inLanguage\":\"ca\"}]}<\/script>\n<!-- \/ Yoast SEO plugin. -->","yoast_head_json":{"title":"Aviso Legal - Paumatas","robots":{"index":"index","follow":"follow","max-snippet":"max-snippet:-1","max-image-preview":"max-image-preview:large","max-video-preview":"max-video-preview:-1"},"canonical":"https:\/\/paumatas.tusubdominioweb.com\/ca\/aviso-legal\/","og_locale":"ca_ES","og_type":"article","og_title":"Aviso Legal - Paumatas","og_description":"Home Esta web es un espacio seguro.\u00a0tusitioweb.com\u00a0respeta la privacidad de sus usuarios y ha adecuado este portal a la Ley 34\/2002, de 11 de julio, de Servicios de la Sociedad de la informaci\u00f3n y de Comercio Electr\u00f3nico.(LSSI) Por este motivo le informamos de lo siguiente: Denominaci\u00f3n social:Pau Matas Nogue Direcci\u00f3n: Barcelona, Espa\u00f1a. CIF\/ NIF: 46417903Q [&hellip;]","og_url":"https:\/\/paumatas.tusubdominioweb.com\/ca\/aviso-legal\/","og_site_name":"Paumatas","article_modified_time":"2025-11-06T09:39:51+00:00","twitter_card":"summary_large_image","twitter_misc":{"Temps estimat de lectura":"6 minuts"},"schema":{"@context":"https:\/\/schema.org","@graph":[{"@type":"WebPage","@id":"https:\/\/paumatas.tusubdominioweb.com\/aviso-legal\/","url":"https:\/\/paumatas.tusubdominioweb.com\/aviso-legal\/","name":"Aviso Legal - Paumatas","isPartOf":{"@id":"https:\/\/paumatas.tusubdominioweb.com\/#website"},"datePublished":"2024-09-11T18:07:18+00:00","dateModified":"2025-11-06T09:39:51+00:00","breadcrumb":{"@id":"https:\/\/paumatas.tusubdominioweb.com\/aviso-legal\/#breadcrumb"},"inLanguage":"ca","potentialAction":[{"@type":"ReadAction","target":["https:\/\/paumatas.tusubdominioweb.com\/aviso-legal\/"]}]},{"@type":"BreadcrumbList","@id":"https:\/\/paumatas.tusubdominioweb.com\/aviso-legal\/#breadcrumb","itemListElement":[{"@type":"ListItem","position":1,"name":"Portada","item":"https:\/\/paumatas.tusubdominioweb.com\/"},{"@type":"ListItem","position":2,"name":"Aviso Legal"}]},{"@type":"WebSite","@id":"https:\/\/paumatas.tusubdominioweb.com\/#website","url":"https:\/\/paumatas.tusubdominioweb.com\/","name":"Paumatas","description":"Transformamos ideas en experiencias memorables.","potentialAction":[{"@type":"SearchAction","target":{"@type":"EntryPoint","urlTemplate":"https:\/\/paumatas.tusubdominioweb.com\/?s={search_term_string}"},"query-input":{"@type":"PropertyValueSpecification","valueRequired":true,"valueName":"search_term_string"}}],"inLanguage":"ca"}]}},"_links":{"self":[{"href":"https:\/\/paumatas.tusubdominioweb.com\/ca\/wp-json\/wp\/v2\/pages\/133","targetHints":{"allow":["GET"]}}],"collection":[{"href":"https:\/\/paumatas.tusubdominioweb.com\/ca\/wp-json\/wp\/v2\/pages"}],"about":[{"href":"https:\/\/paumatas.tusubdominioweb.com\/ca\/wp-json\/wp\/v2\/types\/page"}],"author":[{"embeddable":true,"href":"https:\/\/paumatas.tusubdominioweb.com\/ca\/wp-json\/wp\/v2\/users\/2"}],"replies":[{"embeddable":true,"href":"https:\/\/paumatas.tusubdominioweb.com\/ca\/wp-json\/wp\/v2\/comments?post=133"}],"version-history":[{"count":10,"href":"https:\/\/paumatas.tusubdominioweb.com\/ca\/wp-json\/wp\/v2\/pages\/133\/revisions"}],"predecessor-version":[{"id":623,"href":"https:\/\/paumatas.tusubdominioweb.com\/ca\/wp-json\/wp\/v2\/pages\/133\/revisions\/623"}],"wp:attachment":[{"href":"https:\/\/paumatas.tusubdominioweb.com\/ca\/wp-json\/wp\/v2\/media?parent=133"}],"curies":[{"name":"wp","href":"https:\/\/api.w.org\/{rel}","templated":true}]}}